{"id":9442,"date":"2025-11-19T08:44:16","date_gmt":"2025-11-19T13:44:16","guid":{"rendered":"https:\/\/www.confianceia.ca\/scientific-roadmap-framework\/"},"modified":"2026-01-30T22:12:15","modified_gmt":"2026-01-31T03:12:15","slug":"scientific-roadmap-framework","status":"publish","type":"page","link":"https:\/\/www.confianceia.ca\/en\/scientific-roadmap-framework\/","title":{"rendered":"SCIENTIFIC ROADMAP FRAMEWORK"},"content":{"rendered":"\t\t<div data-elementor-type=\"wp-page\" data-elementor-id=\"9442\" class=\"elementor elementor-9442 elementor-8729\" data-elementor-post-type=\"page\">\n\t\t\t\t<div class=\"elementor-element elementor-element-b9d2bb4 e-flex e-con-boxed e-con e-parent\" data-id=\"b9d2bb4\" data-element_type=\"container\" data-e-type=\"container\" data-settings=\"{&quot;background_background&quot;:&quot;classic&quot;}\">\n\t\t\t\t\t<div class=\"e-con-inner\">\n\t\t<div class=\"elementor-element elementor-element-6b22675 e-con-full e-flex e-con e-child\" data-id=\"6b22675\" data-element_type=\"container\" data-e-type=\"container\">\n\t\t<div class=\"elementor-element elementor-element-20b076b e-con-full e-flex e-con e-child\" data-id=\"20b076b\" data-element_type=\"container\" data-e-type=\"container\">\n\t\t<div class=\"elementor-element elementor-element-bba34da e-con-full e-flex e-con e-child\" data-id=\"bba34da\" data-element_type=\"container\" data-e-type=\"container\">\n\t\t\t\t<div class=\"elementor-element elementor-element-a1019d5 elementor-widget elementor-widget-heading\" data-id=\"a1019d5\" data-element_type=\"widget\" data-e-type=\"widget\" data-widget_type=\"heading.default\">\n\t\t\t\t<div class=\"elementor-widget-container\">\n\t\t\t\t\t<h2 class=\"elementor-heading-title elementor-size-default\">A STRUCTURED VISION FOR TRUSTWORTHY AI<\/h2>\t\t\t\t<\/div>\n\t\t\t\t<\/div>\n\t\t\t\t<div class=\"elementor-element elementor-element-44f4e8e elementor-widget__width-initial elementor-widget elementor-widget-text-editor\" data-id=\"44f4e8e\" data-element_type=\"widget\" data-e-type=\"widget\" data-widget_type=\"text-editor.default\">\n\t\t\t\t<div class=\"elementor-widget-container\">\n\t\t\t\t\t\t\t\t\t<p>Confiance IA\u2019s scientific roadmap charts a path to accelerate the adoption and industrialization of sustainable, responsible, and secure artificial intelligence technologies. <br>Structured over five years, it directs research, development, and transfer activities through well-defined strategic pillars and tangible outputs that benefit companies and organizations.<\/p>\t\t\t\t\t\t\t\t<\/div>\n\t\t\t\t<\/div>\n\t\t\t\t<\/div>\n\t\t\t\t<div class=\"elementor-element elementor-element-8617a0c elementor-widget__width-initial elementor-widget elementor-widget-image\" data-id=\"8617a0c\" data-element_type=\"widget\" data-e-type=\"widget\" data-widget_type=\"image.default\">\n\t\t\t\t<div class=\"elementor-widget-container\">\n\t\t\t\t\t\t\t\t\t\t\t\t\t\t\t<img decoding=\"async\" src=\"https:\/\/www.confianceia.ca\/wp-content\/uploads\/2025\/11\/FDR-inv.svg\" title=\"FDR-inv\" alt=\"FDR-inv\" loading=\"lazy\" \/>\t\t\t\t\t\t\t\t\t\t\t\t\t\t\t<\/div>\n\t\t\t\t<\/div>\n\t\t\t\t<\/div>\n\t\t\t\t<\/div>\n\t\t\t\t\t<\/div>\n\t\t\t\t<\/div>\n\t\t<div class=\"elementor-element elementor-element-cc1d435 e-flex e-con-boxed e-con e-parent\" data-id=\"cc1d435\" data-element_type=\"container\" data-e-type=\"container\">\n\t\t\t\t\t<div class=\"e-con-inner\">\n\t\t\t\t<div class=\"elementor-element elementor-element-bc0d843 elementor-widget elementor-widget-heading\" data-id=\"bc0d843\" data-element_type=\"widget\" data-e-type=\"widget\" data-widget_type=\"heading.default\">\n\t\t\t\t<div class=\"elementor-widget-container\">\n\t\t\t\t\t<h2 class=\"elementor-heading-title elementor-size-default\">THREE PRIORITY PILLARS<\/h2>\t\t\t\t<\/div>\n\t\t\t\t<\/div>\n\t\t<div class=\"elementor-element elementor-element-d13a799 e-con-full e-flex e-con e-child\" data-id=\"d13a799\" data-element_type=\"container\" data-e-type=\"container\">\n\t\t\t\t<div class=\"elementor-element elementor-element-143237d elementor-widget__width-initial elementor-widget elementor-widget-image\" data-id=\"143237d\" data-element_type=\"widget\" data-e-type=\"widget\" data-widget_type=\"image.default\">\n\t\t\t\t<div class=\"elementor-widget-container\">\n\t\t\t\t\t\t\t\t\t\t\t\t\t\t\t<img decoding=\"async\" width=\"1\" height=\"1\" src=\"https:\/\/www.confianceia.ca\/wp-content\/uploads\/2025\/11\/ethique-circle.svg\" class=\"attachment-full size-full wp-image-8752\" alt=\"\" \/>\t\t\t\t\t\t\t\t\t\t\t\t\t\t\t<\/div>\n\t\t\t\t<\/div>\n\t\t\t\t<div class=\"elementor-element elementor-element-c9a7fe1 elementor-widget__width-auto elementor-widget elementor-widget-text-editor\" data-id=\"c9a7fe1\" data-element_type=\"widget\" data-e-type=\"widget\" data-widget_type=\"text-editor.default\">\n\t\t\t\t<div class=\"elementor-widget-container\">\n\t\t\t\t\t\t\t\t\t<h3 style=\"margin-bottom: 0px;\">Ethical and Responsible AI<\/h3>\nObjective : Embed principles of ethics and responsibility into the development and operation of AI systems.\n<ul style=\"margin-top: 0px;\">\n <li>Consent, privacy, and data protection.<\/li>\n \t<li>Model explainability and transparency.<\/li>\n \t<li>Prevention of bias and algorithmic discrimination.<\/li>\n \t<li>Human-centered tools that support social acceptability.<\/li>\n \t<li>Certification and ethical governance frameworks for AI systems.<\/li>\n<\/ul>\t\t\t\t\t\t\t\t<\/div>\n\t\t\t\t<\/div>\n\t\t\t\t<\/div>\n\t\t<div class=\"elementor-element elementor-element-d56a781 e-con-full e-flex e-con e-child\" data-id=\"d56a781\" data-element_type=\"container\" data-e-type=\"container\">\n\t\t\t\t<div class=\"elementor-element elementor-element-2af01c6 elementor-widget__width-initial elementor-widget elementor-widget-image\" data-id=\"2af01c6\" data-element_type=\"widget\" data-e-type=\"widget\" data-widget_type=\"image.default\">\n\t\t\t\t<div class=\"elementor-widget-container\">\n\t\t\t\t\t\t\t\t\t\t\t\t\t\t\t<img decoding=\"async\" width=\"1\" height=\"1\" src=\"https:\/\/www.confianceia.ca\/wp-content\/uploads\/2025\/11\/securise-circle.svg\" class=\"attachment-full size-full wp-image-8754\" alt=\"\" \/>\t\t\t\t\t\t\t\t\t\t\t\t\t\t\t<\/div>\n\t\t\t\t<\/div>\n\t\t\t\t<div class=\"elementor-element elementor-element-292dfda elementor-widget__width-auto elementor-widget elementor-widget-text-editor\" data-id=\"292dfda\" data-element_type=\"widget\" data-e-type=\"widget\" data-widget_type=\"text-editor.default\">\n\t\t\t\t<div class=\"elementor-widget-container\">\n\t\t\t\t\t\t\t\t\t<h3 style=\"margin-bottom: 0px;\">Safe and Secure AI<\/h3>Objective: Ensure the robustness and reliability of critical systems that incorporate AI.\n<ul style=\"margin-top: 0px;\">\n \t<li>Defense against attacks and strengthened model resilience.<\/li>\n \t<li>Continuous updates and adaptation to changing environments.<\/li>\n \t<li>Monitoring and anomaly detection to guard against system drift.<\/li>\n<li>Enhancement of data quality and of formal validation techniques.<\/li>\n<\/ul>\t\t\t\t\t\t\t\t<\/div>\n\t\t\t\t<\/div>\n\t\t\t\t<\/div>\n\t\t<div class=\"elementor-element elementor-element-0fb9f03 e-con-full e-flex e-con e-child\" data-id=\"0fb9f03\" data-element_type=\"container\" data-e-type=\"container\">\n\t\t\t\t<div class=\"elementor-element elementor-element-3519610 elementor-widget__width-initial elementor-widget elementor-widget-image\" data-id=\"3519610\" data-element_type=\"widget\" data-e-type=\"widget\" data-widget_type=\"image.default\">\n\t\t\t\t<div class=\"elementor-widget-container\">\n\t\t\t\t\t\t\t\t\t\t\t\t\t\t\t<img decoding=\"async\" width=\"1\" height=\"1\" src=\"https:\/\/www.confianceia.ca\/wp-content\/uploads\/2025\/11\/durable-circle.svg\" class=\"attachment-full size-full wp-image-8750\" alt=\"\" \/>\t\t\t\t\t\t\t\t\t\t\t\t\t\t\t<\/div>\n\t\t\t\t<\/div>\n\t\t\t\t<div class=\"elementor-element elementor-element-2d648e2 elementor-widget__width-auto elementor-widget elementor-widget-text-editor\" data-id=\"2d648e2\" data-element_type=\"widget\" data-e-type=\"widget\" data-widget_type=\"text-editor.default\">\n\t\t\t\t<div class=\"elementor-widget-container\">\n\t\t\t\t\t\t\t\t\t<h3 style=\"margin-bottom: 0px;\">Sustainable AI<\/h3>\nObjective : Reduce AI\u2019s environmental footprint without compromising its capabilities.\n<ul style=\"margin-top: 0px;\">\n \t<li>Tracking and reducing energy consumption across the entire lifecycle.<\/li>\n \t<li>Development of energy-efficient techniques (model compression, distributed learning).<\/li>\n \t<li>Optimization of resource use and balancing sustainability, performance, and fairness.<\/li>\n<\/ul>\t\t\t\t\t\t\t\t<\/div>\n\t\t\t\t<\/div>\n\t\t\t\t<\/div>\n\t\t\t\t\t<\/div>\n\t\t\t\t<\/div>\n\t\t<div class=\"elementor-element elementor-element-917186e e-flex e-con-boxed e-con e-parent\" data-id=\"917186e\" data-element_type=\"container\" data-e-type=\"container\" data-settings=\"{&quot;background_background&quot;:&quot;classic&quot;}\">\n\t\t\t\t\t<div class=\"e-con-inner\">\n\t\t\t\t<div class=\"elementor-element elementor-element-9d63d68 elementor-widget elementor-widget-heading\" data-id=\"9d63d68\" data-element_type=\"widget\" data-e-type=\"widget\" data-widget_type=\"heading.default\">\n\t\t\t\t<div class=\"elementor-widget-container\">\n\t\t\t\t\t<h2 class=\"elementor-heading-title elementor-size-default\">AN EVOLVING ROADMAP<\/h2>\t\t\t\t<\/div>\n\t\t\t\t<\/div>\n\t\t\t\t<div class=\"elementor-element elementor-element-c227bb3 elementor-widget__width-initial elementor-widget elementor-widget-text-editor\" data-id=\"c227bb3\" data-element_type=\"widget\" data-e-type=\"widget\" data-widget_type=\"text-editor.default\">\n\t\t\t\t<div class=\"elementor-widget-container\">\n\t\t\t\t\t\t\t\t\t<p>Each strategic pillar is broken down into <strong>timelines<\/strong> with clearly defined deliverables.<\/p>\t\t\t\t\t\t\t\t<\/div>\n\t\t\t\t<\/div>\n\t\t\t\t<div class=\"elementor-element elementor-element-d1873c7 elementor-align-start elementor-icon-list--layout-traditional elementor-list-item-link-full_width elementor-widget elementor-widget-icon-list\" data-id=\"d1873c7\" data-element_type=\"widget\" data-e-type=\"widget\" data-widget_type=\"icon-list.default\">\n\t\t\t\t<div class=\"elementor-widget-container\">\n\t\t\t\t\t\t\t<ul class=\"elementor-icon-list-items\">\n\t\t\t\t\t\t\t<li class=\"elementor-icon-list-item\">\n\t\t\t\t\t\t\t\t\t\t\t<span class=\"elementor-icon-list-icon\">\n\t\t\t\t\t\t\t<i aria-hidden=\"true\" class=\"fas fa-chevron-right\"><\/i>\t\t\t\t\t\t<\/span>\n\t\t\t\t\t\t\t\t\t\t<span class=\"elementor-icon-list-text\">M\u00e9thodes de compression \u00e9nerg\u00e9tique des mod\u00e8les.<\/span>\n\t\t\t\t\t\t\t\t\t<\/li>\n\t\t\t\t\t\t\t\t<li class=\"elementor-icon-list-item\">\n\t\t\t\t\t\t\t\t\t\t\t<span class=\"elementor-icon-list-icon\">\n\t\t\t\t\t\t\t<i aria-hidden=\"true\" class=\"fas fa-chevron-right\"><\/i>\t\t\t\t\t\t<\/span>\n\t\t\t\t\t\t\t\t\t\t<span class=\"elementor-icon-list-text\">Interpretability and explainability tools.<\/span>\n\t\t\t\t\t\t\t\t\t<\/li>\n\t\t\t\t\t\t\t\t<li class=\"elementor-icon-list-item\">\n\t\t\t\t\t\t\t\t\t\t\t<span class=\"elementor-icon-list-icon\">\n\t\t\t\t\t\t\t<i aria-hidden=\"true\" class=\"fas fa-chevron-right\"><\/i>\t\t\t\t\t\t<\/span>\n\t\t\t\t\t\t\t\t\t\t<span class=\"elementor-icon-list-text\">Bias and algorithmic-fairness indicators.<\/span>\n\t\t\t\t\t\t\t\t\t<\/li>\n\t\t\t\t\t\t\t\t<li class=\"elementor-icon-list-item\">\n\t\t\t\t\t\t\t\t\t\t\t<span class=\"elementor-icon-list-icon\">\n\t\t\t\t\t\t\t<i aria-hidden=\"true\" class=\"fas fa-chevron-right\"><\/i>\t\t\t\t\t\t<\/span>\n\t\t\t\t\t\t\t\t\t\t<span class=\"elementor-icon-list-text\">Metrics and monitoring tools for deployed systems.<\/span>\n\t\t\t\t\t\t\t\t\t<\/li>\n\t\t\t\t\t\t\t\t<li class=\"elementor-icon-list-item\">\n\t\t\t\t\t\t\t\t\t\t\t<span class=\"elementor-icon-list-icon\">\n\t\t\t\t\t\t\t<i aria-hidden=\"true\" class=\"fas fa-chevron-right\"><\/i>\t\t\t\t\t\t<\/span>\n\t\t\t\t\t\t\t\t\t\t<span class=\"elementor-icon-list-text\">Frugal and hybrid learning methods that adapt to new situations.<\/span>\n\t\t\t\t\t\t\t\t\t<\/li>\n\t\t\t\t\t\t<\/ul>\n\t\t\t\t\t\t<\/div>\n\t\t\t\t<\/div>\n\t\t\t\t<div class=\"elementor-element elementor-element-04ec7ca elementor-widget elementor-widget-text-editor\" data-id=\"04ec7ca\" data-element_type=\"widget\" data-e-type=\"widget\" data-widget_type=\"text-editor.default\">\n\t\t\t\t<div class=\"elementor-widget-container\">\n\t\t\t\t\t\t\t\t\t<p>The phased planning approach described here helps move from foundational research to practical solutions for organizations, developed jointly with industry and academic collaborators.<\/p>\t\t\t\t\t\t\t\t<\/div>\n\t\t\t\t<\/div>\n\t\t\t\t\t<\/div>\n\t\t\t\t<\/div>\n\t\t<div class=\"elementor-element elementor-element-773227a e-flex e-con-boxed e-con e-parent\" data-id=\"773227a\" data-element_type=\"container\" data-e-type=\"container\">\n\t\t\t\t\t<div class=\"e-con-inner\">\n\t\t<div class=\"elementor-element elementor-element-54a2232 e-con-full e-flex e-con e-child\" data-id=\"54a2232\" data-element_type=\"container\" data-e-type=\"container\">\n\t\t\t\t<div class=\"elementor-element elementor-element-fb97e07 elementor-widget elementor-widget-heading\" data-id=\"fb97e07\" data-element_type=\"widget\" data-e-type=\"widget\" data-widget_type=\"heading.default\">\n\t\t\t\t<div class=\"elementor-widget-container\">\n\t\t\t\t\t<h2 class=\"elementor-heading-title elementor-size-default\">a shared initiative<\/h2>\t\t\t\t<\/div>\n\t\t\t\t<\/div>\n\t\t\t\t<div class=\"elementor-element elementor-element-7361c68 elementor-widget elementor-widget-text-editor\" data-id=\"7361c68\" data-element_type=\"widget\" data-e-type=\"widget\" data-widget_type=\"text-editor.default\">\n\t\t\t\t<div class=\"elementor-widget-container\">\n\t\t\t\t\t\t\t\t\t<p>The roadmap is meant to be dynamic: it continually evolves to reflect emerging needs, new regulatory challenges, and real-world business use cases. It embodies Confiance IA\u2019s commitment to building AI that is trustworthy by design, for the benefit of society and the economy.<\/p>\t\t\t\t\t\t\t\t<\/div>\n\t\t\t\t<\/div>\n\t\t\t\t<\/div>\n\t\t\t\t<div class=\"elementor-element elementor-element-154c4cd elementor-widget__width-initial elementor-widget elementor-widget-image\" data-id=\"154c4cd\" data-element_type=\"widget\" data-e-type=\"widget\" data-widget_type=\"image.default\">\n\t\t\t\t<div class=\"elementor-widget-container\">\n\t\t\t\t\t\t\t\t\t\t\t\t\t\t\t<img loading=\"lazy\" decoding=\"async\" width=\"1400\" height=\"1144\" src=\"https:\/\/www.confianceia.ca\/wp-content\/uploads\/2025\/11\/evolution-1.png\" class=\"attachment-full size-full wp-image-8803\" alt=\"\" srcset=\"https:\/\/www.confianceia.ca\/wp-content\/uploads\/2025\/11\/evolution-1.png 1400w, https:\/\/www.confianceia.ca\/wp-content\/uploads\/2025\/11\/evolution-1-300x245.png 300w, https:\/\/www.confianceia.ca\/wp-content\/uploads\/2025\/11\/evolution-1-1024x837.png 1024w, https:\/\/www.confianceia.ca\/wp-content\/uploads\/2025\/11\/evolution-1-768x628.png 768w\" sizes=\"(max-width: 1400px) 100vw, 1400px\" \/>\t\t\t\t\t\t\t\t\t\t\t\t\t\t\t<\/div>\n\t\t\t\t<\/div>\n\t\t\t\t\t<\/div>\n\t\t\t\t<\/div>\n\t\t\t\t<\/div>\n\t\t","protected":false},"excerpt":{"rendered":"<p>Confiance IA is an industry consortium that was established in 2023. It was initiated by the Montreal industrial ecosystem, with the support of the Minist\u00e8re de l&#8217;\u00c9conomie, de l&#8217;Innovation et de l&#8217;\u00c9nergie (MEIE).<\/p>\n","protected":false},"author":3465,"featured_media":0,"parent":0,"menu_order":0,"comment_status":"closed","ping_status":"closed","template":"","meta":{"_acf_changed":false,"inline_featured_image":false,"footnotes":""},"class_list":["post-9442","page","type-page","status-publish","hentry"],"acf":[],"yoast_head":"<!-- This site is optimized with the Yoast SEO plugin v27.4 - https:\/\/yoast.com\/product\/yoast-seo-wordpress\/ -->\n<title>SCIENTIFIC ROADMAP FRAMEWORK - Confiance IA<\/title>\n<meta name=\"description\" content=\"Confiance IA is an industry consortium that was established in 2023. It was initiated by the Montreal industrial ecosystem, with the support of the Minist\u00e8re de l&#039;\u00c9conomie, de l&#039;Innovation et de l&#039;\u00c9nergie (MEIE).\" \/>\n<meta name=\"robots\" content=\"index, follow, max-snippet:-1, max-image-preview:large, max-video-preview:-1\" \/>\n<link rel=\"canonical\" href=\"https:\/\/www.confianceia.ca\/en\/scientific-roadmap-framework\/\" \/>\n<meta property=\"og:locale\" content=\"en_US\" \/>\n<meta property=\"og:type\" content=\"article\" \/>\n<meta property=\"og:title\" content=\"SCIENTIFIC ROADMAP FRAMEWORK - Confiance IA\" \/>\n<meta property=\"og:description\" content=\"Confiance IA is an industry consortium that was established in 2023. It was initiated by the Montreal industrial ecosystem, with the support of the Minist\u00e8re de l&#039;\u00c9conomie, de l&#039;Innovation et de l&#039;\u00c9nergie (MEIE).\" \/>\n<meta property=\"og:url\" content=\"https:\/\/www.confianceia.ca\/en\/scientific-roadmap-framework\/\" \/>\n<meta property=\"og:site_name\" content=\"Confiance IA\" \/>\n<meta property=\"article:modified_time\" content=\"2026-01-31T03:12:15+00:00\" \/>\n<meta property=\"og:image\" content=\"https:\/\/www.confianceia.ca\/wp-content\/uploads\/2025\/11\/FDR-inv.svg\" \/>\n<meta name=\"twitter:label1\" content=\"Est. reading time\" \/>\n\t<meta name=\"twitter:data1\" content=\"2 minutes\" \/>\n<script type=\"application\/ld+json\" class=\"yoast-schema-graph\">{\"@context\":\"https:\\\/\\\/schema.org\",\"@graph\":[{\"@type\":\"WebPage\",\"@id\":\"https:\\\/\\\/www.confianceia.ca\\\/en\\\/scientific-roadmap-framework\\\/\",\"url\":\"https:\\\/\\\/www.confianceia.ca\\\/en\\\/scientific-roadmap-framework\\\/\",\"name\":\"SCIENTIFIC ROADMAP FRAMEWORK - Confiance IA\",\"isPartOf\":{\"@id\":\"https:\\\/\\\/www.confianceia.ca\\\/en\\\/#website\"},\"primaryImageOfPage\":{\"@id\":\"https:\\\/\\\/www.confianceia.ca\\\/en\\\/scientific-roadmap-framework\\\/#primaryimage\"},\"image\":{\"@id\":\"https:\\\/\\\/www.confianceia.ca\\\/en\\\/scientific-roadmap-framework\\\/#primaryimage\"},\"thumbnailUrl\":\"https:\\\/\\\/www.confianceia.ca\\\/wp-content\\\/uploads\\\/2025\\\/11\\\/FDR-inv.svg\",\"datePublished\":\"2025-11-19T13:44:16+00:00\",\"dateModified\":\"2026-01-31T03:12:15+00:00\",\"description\":\"Confiance IA is an industry consortium that was established in 2023. It was initiated by the Montreal industrial ecosystem, with the support of the Minist\u00e8re de l'\u00c9conomie, de l'Innovation et de l'\u00c9nergie (MEIE).\",\"breadcrumb\":{\"@id\":\"https:\\\/\\\/www.confianceia.ca\\\/en\\\/scientific-roadmap-framework\\\/#breadcrumb\"},\"inLanguage\":\"en-US\",\"potentialAction\":[{\"@type\":\"ReadAction\",\"target\":[\"https:\\\/\\\/www.confianceia.ca\\\/en\\\/scientific-roadmap-framework\\\/\"]}]},{\"@type\":\"ImageObject\",\"inLanguage\":\"en-US\",\"@id\":\"https:\\\/\\\/www.confianceia.ca\\\/en\\\/scientific-roadmap-framework\\\/#primaryimage\",\"url\":\"https:\\\/\\\/www.confianceia.ca\\\/wp-content\\\/uploads\\\/2025\\\/11\\\/FDR-inv.svg\",\"contentUrl\":\"https:\\\/\\\/www.confianceia.ca\\\/wp-content\\\/uploads\\\/2025\\\/11\\\/FDR-inv.svg\"},{\"@type\":\"BreadcrumbList\",\"@id\":\"https:\\\/\\\/www.confianceia.ca\\\/en\\\/scientific-roadmap-framework\\\/#breadcrumb\",\"itemListElement\":[{\"@type\":\"ListItem\",\"position\":1,\"name\":\"Accueil\",\"item\":\"https:\\\/\\\/www.confianceia.ca\\\/en\\\/\"},{\"@type\":\"ListItem\",\"position\":2,\"name\":\"SCIENTIFIC ROADMAP FRAMEWORK\"}]},{\"@type\":\"WebSite\",\"@id\":\"https:\\\/\\\/www.confianceia.ca\\\/en\\\/#website\",\"url\":\"https:\\\/\\\/www.confianceia.ca\\\/en\\\/\",\"name\":\"Confiance IA\",\"description\":\"\",\"publisher\":{\"@id\":\"https:\\\/\\\/www.confianceia.ca\\\/en\\\/#organization\"},\"potentialAction\":[{\"@type\":\"SearchAction\",\"target\":{\"@type\":\"EntryPoint\",\"urlTemplate\":\"https:\\\/\\\/www.confianceia.ca\\\/en\\\/?s={search_term_string}\"},\"query-input\":{\"@type\":\"PropertyValueSpecification\",\"valueRequired\":true,\"valueName\":\"search_term_string\"}}],\"inLanguage\":\"en-US\"},{\"@type\":\"Organization\",\"@id\":\"https:\\\/\\\/www.confianceia.ca\\\/en\\\/#organization\",\"name\":\"Confiance IA\",\"url\":\"https:\\\/\\\/www.confianceia.ca\\\/en\\\/\",\"logo\":{\"@type\":\"ImageObject\",\"inLanguage\":\"en-US\",\"@id\":\"https:\\\/\\\/www.confianceia.ca\\\/en\\\/#\\\/schema\\\/logo\\\/image\\\/\",\"url\":\"https:\\\/\\\/www.confianceia.ca\\\/wp-content\\\/uploads\\\/2020\\\/02\\\/logo-confianceia.svg\",\"contentUrl\":\"https:\\\/\\\/www.confianceia.ca\\\/wp-content\\\/uploads\\\/2020\\\/02\\\/logo-confianceia.svg\",\"width\":379,\"height\":69,\"caption\":\"Confiance IA\"},\"image\":{\"@id\":\"https:\\\/\\\/www.confianceia.ca\\\/en\\\/#\\\/schema\\\/logo\\\/image\\\/\"}}]}<\/script>\n<!-- \/ Yoast SEO plugin. -->","yoast_head_json":{"title":"SCIENTIFIC ROADMAP FRAMEWORK - Confiance IA","description":"Confiance IA is an industry consortium that was established in 2023. It was initiated by the Montreal industrial ecosystem, with the support of the Minist\u00e8re de l'\u00c9conomie, de l'Innovation et de l'\u00c9nergie (MEIE).","robots":{"index":"index","follow":"follow","max-snippet":"max-snippet:-1","max-image-preview":"max-image-preview:large","max-video-preview":"max-video-preview:-1"},"canonical":"https:\/\/www.confianceia.ca\/en\/scientific-roadmap-framework\/","og_locale":"en_US","og_type":"article","og_title":"SCIENTIFIC ROADMAP FRAMEWORK - Confiance IA","og_description":"Confiance IA is an industry consortium that was established in 2023. It was initiated by the Montreal industrial ecosystem, with the support of the Minist\u00e8re de l'\u00c9conomie, de l'Innovation et de l'\u00c9nergie (MEIE).","og_url":"https:\/\/www.confianceia.ca\/en\/scientific-roadmap-framework\/","og_site_name":"Confiance IA","article_modified_time":"2026-01-31T03:12:15+00:00","og_image":[{"url":"https:\/\/www.confianceia.ca\/wp-content\/uploads\/2025\/11\/FDR-inv.svg","type":"","width":"","height":""}],"twitter_misc":{"Est. reading time":"2 minutes"},"schema":{"@context":"https:\/\/schema.org","@graph":[{"@type":"WebPage","@id":"https:\/\/www.confianceia.ca\/en\/scientific-roadmap-framework\/","url":"https:\/\/www.confianceia.ca\/en\/scientific-roadmap-framework\/","name":"SCIENTIFIC ROADMAP FRAMEWORK - Confiance IA","isPartOf":{"@id":"https:\/\/www.confianceia.ca\/en\/#website"},"primaryImageOfPage":{"@id":"https:\/\/www.confianceia.ca\/en\/scientific-roadmap-framework\/#primaryimage"},"image":{"@id":"https:\/\/www.confianceia.ca\/en\/scientific-roadmap-framework\/#primaryimage"},"thumbnailUrl":"https:\/\/www.confianceia.ca\/wp-content\/uploads\/2025\/11\/FDR-inv.svg","datePublished":"2025-11-19T13:44:16+00:00","dateModified":"2026-01-31T03:12:15+00:00","description":"Confiance IA is an industry consortium that was established in 2023. It was initiated by the Montreal industrial ecosystem, with the support of the Minist\u00e8re de l'\u00c9conomie, de l'Innovation et de l'\u00c9nergie (MEIE).","breadcrumb":{"@id":"https:\/\/www.confianceia.ca\/en\/scientific-roadmap-framework\/#breadcrumb"},"inLanguage":"en-US","potentialAction":[{"@type":"ReadAction","target":["https:\/\/www.confianceia.ca\/en\/scientific-roadmap-framework\/"]}]},{"@type":"ImageObject","inLanguage":"en-US","@id":"https:\/\/www.confianceia.ca\/en\/scientific-roadmap-framework\/#primaryimage","url":"https:\/\/www.confianceia.ca\/wp-content\/uploads\/2025\/11\/FDR-inv.svg","contentUrl":"https:\/\/www.confianceia.ca\/wp-content\/uploads\/2025\/11\/FDR-inv.svg"},{"@type":"BreadcrumbList","@id":"https:\/\/www.confianceia.ca\/en\/scientific-roadmap-framework\/#breadcrumb","itemListElement":[{"@type":"ListItem","position":1,"name":"Accueil","item":"https:\/\/www.confianceia.ca\/en\/"},{"@type":"ListItem","position":2,"name":"SCIENTIFIC ROADMAP FRAMEWORK"}]},{"@type":"WebSite","@id":"https:\/\/www.confianceia.ca\/en\/#website","url":"https:\/\/www.confianceia.ca\/en\/","name":"Confiance IA","description":"","publisher":{"@id":"https:\/\/www.confianceia.ca\/en\/#organization"},"potentialAction":[{"@type":"SearchAction","target":{"@type":"EntryPoint","urlTemplate":"https:\/\/www.confianceia.ca\/en\/?s={search_term_string}"},"query-input":{"@type":"PropertyValueSpecification","valueRequired":true,"valueName":"search_term_string"}}],"inLanguage":"en-US"},{"@type":"Organization","@id":"https:\/\/www.confianceia.ca\/en\/#organization","name":"Confiance IA","url":"https:\/\/www.confianceia.ca\/en\/","logo":{"@type":"ImageObject","inLanguage":"en-US","@id":"https:\/\/www.confianceia.ca\/en\/#\/schema\/logo\/image\/","url":"https:\/\/www.confianceia.ca\/wp-content\/uploads\/2020\/02\/logo-confianceia.svg","contentUrl":"https:\/\/www.confianceia.ca\/wp-content\/uploads\/2020\/02\/logo-confianceia.svg","width":379,"height":69,"caption":"Confiance IA"},"image":{"@id":"https:\/\/www.confianceia.ca\/en\/#\/schema\/logo\/image\/"}}]}},"_links":{"self":[{"href":"https:\/\/www.confianceia.ca\/en\/wp-json\/wp\/v2\/pages\/9442","targetHints":{"allow":["GET"]}}],"collection":[{"href":"https:\/\/www.confianceia.ca\/en\/wp-json\/wp\/v2\/pages"}],"about":[{"href":"https:\/\/www.confianceia.ca\/en\/wp-json\/wp\/v2\/types\/page"}],"author":[{"embeddable":true,"href":"https:\/\/www.confianceia.ca\/en\/wp-json\/wp\/v2\/users\/3465"}],"replies":[{"embeddable":true,"href":"https:\/\/www.confianceia.ca\/en\/wp-json\/wp\/v2\/comments?post=9442"}],"version-history":[{"count":1,"href":"https:\/\/www.confianceia.ca\/en\/wp-json\/wp\/v2\/pages\/9442\/revisions"}],"predecessor-version":[{"id":9443,"href":"https:\/\/www.confianceia.ca\/en\/wp-json\/wp\/v2\/pages\/9442\/revisions\/9443"}],"wp:attachment":[{"href":"https:\/\/www.confianceia.ca\/en\/wp-json\/wp\/v2\/media?parent=9442"}],"curies":[{"name":"wp","href":"https:\/\/api.w.org\/{rel}","templated":true}]}}